{"id":163,"date":"2020-06-03T12:23:49","date_gmt":"2020-06-03T12:23:49","guid":{"rendered":"https:\/\/naturalconceptionawareness.com\/?post_type=product&#038;p=163"},"modified":"2024-01-20T10:52:26","modified_gmt":"2024-01-20T10:52:26","slug":"sample-product","status":"publish","type":"product","link":"https:\/\/naturalconceptionawareness.com\/fr\/produit\/sample-product\/","title":{"rendered":"Savon naturel - Lavande"},"content":{"rendered":"<p>[et_pb_section fb_built=\"1\u2033 _builder_version=\"4.4.7\u2033 custom_padding=\"0px||||false|false\"][et_pb_row _builder_version=\"4.4.7\u2033 background_size=\"initial\" background_position=\"top_left\" background_repeat=\"repeat\" width=\"100%\" custom_padding=\"0px||0px|false|false\"][et_pb_column type=\"4_4\u2033 _builder_version=\"3.25\u2033 custom_padding=\"|||\" custom_padding__hover=\"|||\"][et_pb_wc_breadcrumb _builder_version=\"3.0.47\u2033][\/et_pb_wc_breadcrumb][et_pb_wc_cart_notice _builder_version=\"3.0.47\u2033][\/et_pb_wc_cart_notice][\/et_pb_column][\/et_pb_row][et_pb_row column_structure=\u201d1_2,1_2\u2033 _builder_version=\u201d3.25\u2033 background_size=\"initial\" background_position=\"top_left\" background_repeat=\"repeat\" width=\"100%\" custom_padding=\"0px||||false|false\"][et_pb_column type=\"1_2\u2033 _builder_version=\"3.25\u2033 custom_padding=\"|||\" custom_padding__hover=\"|||\"][et_pb_wc_images _builder_version=\"3.0.47\u2033][\/et_pb_wc_images][\/et_pb_column][et_pb_column type=\"1_2\u2033 _builder_version=\"3.25\u2033 custom_padding=\"|||\" custom_padding__hover=\"|||\"][et_pb_wc_rating _builder_version=\"3.0.47\u2033][\/et_pb_wc_rating][et_pb_wc_title product=\"163\u2033 _builder_version=\"4.4.7\u2033][\/et_pb_wc_title][et_pb_wc_price product=\"163\u2033 _builder_version=\"4.4.7\u2033 custom_padding=\"||2px||\"][\/et_pb_wc_price][et_pb_wc_description _builder_version=\"3.0.47\u2033][\/et_pb_wc_description][et_pb_wc_add_to_cart _builder_version=\"3.0.47\u2033][\/et_pb_wc_add_to_cart][et_pb_wc_meta _builder_version=\"3.0.47\u2033][\/et_pb_wc_meta][\/et_pb_column][\/et_pb_row][et_pb_row _builder_version=\"3.25\u2033 background_size=\"initial\" background_position=\"top_left\" background_repeat=\"repeat\" width=\"100%\"][et_pb_column type=\"4_4\u2033 _builder_version=\"3.25\u2033 custom_padding=\"|||\" custom_padding__hover=\"|||\"][et_pb_wc_tabs _builder_version=\"3.0.47\u2033] [\/et_pb_wc_tabs][et_pb_wc_upsells _builder_version=\"3.0.47\u2033][\/et_pb_wc_upsells][et_pb_wc_related_products _builder_version=\"3.0.47\u2033][\/et_pb_wc_related_products][\/et_pb_column][\/et_pb_row][\/et_pb_section]<\/p>","protected":false},"excerpt":{"rendered":"<p>Ce savon biologique est une co-cr\u00e9ation avec mon fils Yoni, \u00e2g\u00e9 de 7 ans.  En fait, l'ann\u00e9e derni\u00e8re, \u00e0 l'\u00e9cole maternelle, ils ont appris \u00e0 fabriquer du savon. Yoni a tellement aim\u00e9 qu'il a voulu recommencer \u00e0 la maison.  C'est lui qui a donn\u00e9 l'impulsion \u00e0 cette passion commune.  J'ai pens\u00e9 que fabriquer et vendre le savon ici \u00e9tait aussi une excellente premi\u00e8re le\u00e7on d'entrepreneuriat pour lui. Yoni et moi esp\u00e9rons que vous l'appr\u00e9cierez !<\/p>","protected":false},"featured_media":826,"comment_status":"open","ping_status":"closed","template":"","meta":{"_et_pb_use_builder":"on","_et_pb_old_content":"","_et_gb_content_width":""},"product_brand":[],"product_cat":[42],"product_tag":[],"class_list":{"0":"post-163","1":"product","2":"type-product","3":"status-publish","4":"has-post-thumbnail","6":"product_cat-soap","8":"first","9":"instock","10":"shipping-taxable","11":"purchasable","12":"product-type-simple"},"yoast_head":"<!-- This site is optimized with the Yoast SEO plugin v26.9 - https:\/\/yoast.com\/product\/yoast-seo-wordpress\/ -->\n<title>Natural Soap - Lavender - Natural Conception Awareness<\/title>\n<meta name=\"robots\" content=\"index, follow, max-snippet:-1, max-image-preview:large, max-video-preview:-1\" \/>\n<link rel=\"canonical\" href=\"https:\/\/naturalconceptionawareness.com\/fr\/produit\/sample-product\/\" \/>\n<meta property=\"og:locale\" content=\"fr_FR\" \/>\n<meta property=\"og:type\" content=\"article\" \/>\n<meta property=\"og:title\" content=\"Natural Soap - Lavender - Natural Conception Awareness\" \/>\n<meta property=\"og:description\" content=\"This organic soap is a co-creation with my 7-year old son Yoni. \u00a0In fact, last year at pre-school, they learnt how to make soap. Yoni loved it so much, he wanted to do it again at home. \u00a0He is the one to give first a spark to this mutual passion. \u00a0I thought making and selling the soap here was also a great first entrepreneurship lesson for him. Yoni and I hope you enjoy it!\" \/>\n<meta property=\"og:url\" content=\"https:\/\/naturalconceptionawareness.com\/fr\/produit\/sample-product\/\" \/>\n<meta property=\"og:site_name\" content=\"Natural Conception Awareness\" \/>\n<meta property=\"article:modified_time\" content=\"2024-01-20T10:52:26+00:00\" \/>\n<meta property=\"og:image\" content=\"https:\/\/naturalconceptionawareness.com\/wp-content\/uploads\/2020\/06\/lavender-soap-smaller-rotated.jpg\" \/>\n\t<meta property=\"og:image:width\" content=\"480\" \/>\n\t<meta property=\"og:image:height\" content=\"640\" \/>\n\t<meta property=\"og:image:type\" content=\"image\/jpeg\" \/>\n<meta name=\"twitter:card\" content=\"summary_large_image\" \/>\n<meta name=\"twitter:label1\" content=\"Dur\u00e9e de lecture estim\u00e9e\" \/>\n\t<meta name=\"twitter:data1\" content=\"1 minute\" \/>\n<script type=\"application\/ld+json\" class=\"yoast-schema-graph\">{\"@context\":\"https:\/\/schema.org\",\"@graph\":[{\"@type\":\"WebPage\",\"@id\":\"https:\/\/naturalconceptionawareness.com\/product\/sample-product\/\",\"url\":\"https:\/\/naturalconceptionawareness.com\/product\/sample-product\/\",\"name\":\"Natural Soap - Lavender - Natural Conception Awareness\",\"isPartOf\":{\"@id\":\"https:\/\/naturalconceptionawareness.com\/#website\"},\"primaryImageOfPage\":{\"@id\":\"https:\/\/naturalconceptionawareness.com\/product\/sample-product\/#primaryimage\"},\"image\":{\"@id\":\"https:\/\/naturalconceptionawareness.com\/product\/sample-product\/#primaryimage\"},\"thumbnailUrl\":\"https:\/\/naturalconceptionawareness.com\/wp-content\/uploads\/2020\/06\/lavender-soap-smaller-rotated.jpg\",\"datePublished\":\"2020-06-03T12:23:49+00:00\",\"dateModified\":\"2024-01-20T10:52:26+00:00\",\"breadcrumb\":{\"@id\":\"https:\/\/naturalconceptionawareness.com\/product\/sample-product\/#breadcrumb\"},\"inLanguage\":\"fr-FR\",\"potentialAction\":[{\"@type\":\"ReadAction\",\"target\":[\"https:\/\/naturalconceptionawareness.com\/product\/sample-product\/\"]}]},{\"@type\":\"ImageObject\",\"inLanguage\":\"fr-FR\",\"@id\":\"https:\/\/naturalconceptionawareness.com\/product\/sample-product\/#primaryimage\",\"url\":\"https:\/\/naturalconceptionawareness.com\/wp-content\/uploads\/2020\/06\/lavender-soap-smaller-rotated.jpg\",\"contentUrl\":\"https:\/\/naturalconceptionawareness.com\/wp-content\/uploads\/2020\/06\/lavender-soap-smaller-rotated.jpg\",\"width\":480,\"height\":640},{\"@type\":\"BreadcrumbList\",\"@id\":\"https:\/\/naturalconceptionawareness.com\/product\/sample-product\/#breadcrumb\",\"itemListElement\":[{\"@type\":\"ListItem\",\"position\":1,\"name\":\"Home\",\"item\":\"https:\/\/naturalconceptionawareness.com\/\"},{\"@type\":\"ListItem\",\"position\":2,\"name\":\"Products\",\"item\":\"https:\/\/naturalconceptionawareness.com\/shop\/\"},{\"@type\":\"ListItem\",\"position\":3,\"name\":\"Natural Soap &#8211; Lavender\"}]},{\"@type\":\"WebSite\",\"@id\":\"https:\/\/naturalconceptionawareness.com\/#website\",\"url\":\"https:\/\/naturalconceptionawareness.com\/\",\"name\":\"Natural Conception Awareness\",\"description\":\"\",\"potentialAction\":[{\"@type\":\"SearchAction\",\"target\":{\"@type\":\"EntryPoint\",\"urlTemplate\":\"https:\/\/naturalconceptionawareness.com\/?s={search_term_string}\"},\"query-input\":{\"@type\":\"PropertyValueSpecification\",\"valueRequired\":true,\"valueName\":\"search_term_string\"}}],\"inLanguage\":\"fr-FR\"}]}<\/script>\n<!-- \/ Yoast SEO plugin. -->","yoast_head_json":{"title":"Natural Soap - Lavender - Natural Conception Awareness","robots":{"index":"index","follow":"follow","max-snippet":"max-snippet:-1","max-image-preview":"max-image-preview:large","max-video-preview":"max-video-preview:-1"},"canonical":"https:\/\/naturalconceptionawareness.com\/fr\/produit\/sample-product\/","og_locale":"fr_FR","og_type":"article","og_title":"Natural Soap - Lavender - Natural Conception Awareness","og_description":"This organic soap is a co-creation with my 7-year old son Yoni. \u00a0In fact, last year at pre-school, they learnt how to make soap. Yoni loved it so much, he wanted to do it again at home. \u00a0He is the one to give first a spark to this mutual passion. \u00a0I thought making and selling the soap here was also a great first entrepreneurship lesson for him. Yoni and I hope you enjoy it!","og_url":"https:\/\/naturalconceptionawareness.com\/fr\/produit\/sample-product\/","og_site_name":"Natural Conception Awareness","article_modified_time":"2024-01-20T10:52:26+00:00","og_image":[{"width":480,"height":640,"url":"https:\/\/naturalconceptionawareness.com\/wp-content\/uploads\/2020\/06\/lavender-soap-smaller-rotated.jpg","type":"image\/jpeg"}],"twitter_card":"summary_large_image","twitter_misc":{"Dur\u00e9e de lecture estim\u00e9e":"1 minute"},"schema":{"@context":"https:\/\/schema.org","@graph":[{"@type":"WebPage","@id":"https:\/\/naturalconceptionawareness.com\/product\/sample-product\/","url":"https:\/\/naturalconceptionawareness.com\/product\/sample-product\/","name":"Natural Soap - Lavender - Natural Conception Awareness","isPartOf":{"@id":"https:\/\/naturalconceptionawareness.com\/#website"},"primaryImageOfPage":{"@id":"https:\/\/naturalconceptionawareness.com\/product\/sample-product\/#primaryimage"},"image":{"@id":"https:\/\/naturalconceptionawareness.com\/product\/sample-product\/#primaryimage"},"thumbnailUrl":"https:\/\/naturalconceptionawareness.com\/wp-content\/uploads\/2020\/06\/lavender-soap-smaller-rotated.jpg","datePublished":"2020-06-03T12:23:49+00:00","dateModified":"2024-01-20T10:52:26+00:00","breadcrumb":{"@id":"https:\/\/naturalconceptionawareness.com\/product\/sample-product\/#breadcrumb"},"inLanguage":"fr-FR","potentialAction":[{"@type":"ReadAction","target":["https:\/\/naturalconceptionawareness.com\/product\/sample-product\/"]}]},{"@type":"ImageObject","inLanguage":"fr-FR","@id":"https:\/\/naturalconceptionawareness.com\/product\/sample-product\/#primaryimage","url":"https:\/\/naturalconceptionawareness.com\/wp-content\/uploads\/2020\/06\/lavender-soap-smaller-rotated.jpg","contentUrl":"https:\/\/naturalconceptionawareness.com\/wp-content\/uploads\/2020\/06\/lavender-soap-smaller-rotated.jpg","width":480,"height":640},{"@type":"BreadcrumbList","@id":"https:\/\/naturalconceptionawareness.com\/product\/sample-product\/#breadcrumb","itemListElement":[{"@type":"ListItem","position":1,"name":"Home","item":"https:\/\/naturalconceptionawareness.com\/"},{"@type":"ListItem","position":2,"name":"Products","item":"https:\/\/naturalconceptionawareness.com\/shop\/"},{"@type":"ListItem","position":3,"name":"Natural Soap &#8211; Lavender"}]},{"@type":"WebSite","@id":"https:\/\/naturalconceptionawareness.com\/#website","url":"https:\/\/naturalconceptionawareness.com\/","name":"Natural Conception Awareness","description":"","potentialAction":[{"@type":"SearchAction","target":{"@type":"EntryPoint","urlTemplate":"https:\/\/naturalconceptionawareness.com\/?s={search_term_string}"},"query-input":{"@type":"PropertyValueSpecification","valueRequired":true,"valueName":"search_term_string"}}],"inLanguage":"fr-FR"}]}},"_links":{"self":[{"href":"https:\/\/naturalconceptionawareness.com\/fr\/wp-json\/wp\/v2\/product\/163","targetHints":{"allow":["GET"]}}],"collection":[{"href":"https:\/\/naturalconceptionawareness.com\/fr\/wp-json\/wp\/v2\/product"}],"about":[{"href":"https:\/\/naturalconceptionawareness.com\/fr\/wp-json\/wp\/v2\/types\/product"}],"replies":[{"embeddable":true,"href":"https:\/\/naturalconceptionawareness.com\/fr\/wp-json\/wp\/v2\/comments?post=163"}],"wp:featuredmedia":[{"embeddable":true,"href":"https:\/\/naturalconceptionawareness.com\/fr\/wp-json\/wp\/v2\/media\/826"}],"wp:attachment":[{"href":"https:\/\/naturalconceptionawareness.com\/fr\/wp-json\/wp\/v2\/media?parent=163"}],"wp:term":[{"taxonomy":"product_brand","embeddable":true,"href":"https:\/\/naturalconceptionawareness.com\/fr\/wp-json\/wp\/v2\/product_brand?post=163"},{"taxonomy":"product_cat","embeddable":true,"href":"https:\/\/naturalconceptionawareness.com\/fr\/wp-json\/wp\/v2\/product_cat?post=163"},{"taxonomy":"product_tag","embeddable":true,"href":"https:\/\/naturalconceptionawareness.com\/fr\/wp-json\/wp\/v2\/product_tag?post=163"}],"curies":[{"name":"wp","href":"https:\/\/api.w.org\/{rel}","templated":true}]}}